{"id":34,"date":"2021-06-02T05:39:34","date_gmt":"2021-06-02T05:39:34","guid":{"rendered":"https:\/\/www.drenskemedien.de\/Shop\/product\/hoodie-with-logo\/"},"modified":"2026-05-11T14:21:09","modified_gmt":"2026-05-11T14:21:09","slug":"tarja-und-die-rueckkehr-der-amazonen","status":"publish","type":"product","link":"https:\/\/www.drenskemedien.de\/Shop\/product\/tarja-und-die-rueckkehr-der-amazonen\/","title":{"rendered":"Tarja und die R\u00fcckkehr der Amazonen"},"content":{"rendered":"<div id=\"ember715\" class=\"ember-view\">\n<p class=\"form-group \"><label class=\"col-sm-4 control-label\">Titel: Tarja und die R\u00fcckkehr der Amazonen<span style=\"font-size: 16px;\"><br \/>\n<\/span>Urheber: \u00a0\u00a0<span style=\"font-size: 16px;\">Wolf, Paarmann (Autor \/ Autorin) \/ Jesper, Freitag (Illustriert von) \/ Bianca, Drenske (Herausgegeben von)<br \/>\n<\/span>ISBN-13: \u00a0\u00a0<span style=\"font-size: 16px;\">978-3-947152-11-7<br \/>\n<\/span>Verlag: \u00a0 \u00a0<span style=\"font-size: 16px;\">Drenske Medien<br \/>\n<\/span>Erscheinungsdatum:\u00a0<span style=\"font-size: 16px;\">14.06.2021<br \/>\n<\/span>Auflage: \u00a0<span style=\"font-size: 16px;\">1. Auflage<br \/>\n<\/span>Produktsprache: \u00a0<span style=\"font-size: 16px;\">Deutsch<br \/>\n<\/span>Anzahl Seiten: \u00a0<span style=\"font-size: 16px;\">212<br \/>\n<\/span>H\u00f6he \/ Breite \/ Gewicht: \u00a0\u00a0<span style=\"font-size: 16px;\">H 21,7 cm \/ B 14,7 cm \/ 548 g<br \/>\n<\/span>Produktform: \u00a0<span style=\"font-size: 16px;\">Hardcover<\/p>\n<p><\/span><\/label><\/p>\n<\/div>\n<p>Sie z\u00fcchten Pilze, melken L\u00e4use, jagen Raupen, haben eine Schw\u00e4che f\u00fcr Drogen, kein Herz f\u00fcr M\u00e4nner und halten sich Artgenossen als Sklavinnen&#8230;<\/p>\n<p>Mit Tarja und die R\u00fcckkehr der Amazonen \u00f6ffnen Wolf Paarmann und Jesper Freitag eine T\u00fcr in die faszinierende Welt der Ameisen. Eine, die sich um eine ungew\u00f6hnliche Freundschaft dreht. Die von Langeweile geplagte Tarja verl\u00e4\u00dft die Heimat, nachdem die K\u00f6nigin der einst kriegerischen Ina-Itas ihre T\u00f6chter zu B\u00e4uerinnen umgeschult hat. Und Mari-Copa, die Kronprinzessin der Amazonen, ist es leid, ihr ganzes Leben mit der Jagd nach immer neuen Sklavinnen zu verbringen. Eine Freundschaft, die auf eine harte Probe gestellt wird, als die riesige Armee der bis dato unbesiegten Amazonen schlie\u00dflich auch vor den Toren der Ina-Itas auftaucht.<\/p>\n<p>Interview mit J\u00f6rg Beck &#8211; der &#8222;Geburtsameise&#8220; von Tarja:<\/p>\n<div id=\"ember715\" class=\"ember-view\">\n<!--[if lt IE 9]><script>document.createElement('audio');<\/script><![endif]-->\n<audio class=\"wp-audio-shortcode\" id=\"audio-34-1\" preload=\"none\" style=\"width: 100%;\" controls=\"controls\"><source type=\"audio\/mpeg\" src=\"http:\/\/www.drenskemedien.de\/Shop\/wp-content\/uploads\/2021\/06\/Interview-mit-Joerg-Beck.m4a?_=1\" \/><a href=\"http:\/\/www.drenskemedien.de\/Shop\/wp-content\/uploads\/2021\/06\/Interview-mit-Joerg-Beck.m4a\">http:\/\/www.drenskemedien.de\/Shop\/wp-content\/uploads\/2021\/06\/Interview-mit-Joerg-Beck.m4a<\/a><\/audio>\n<\/div>\n<div id=\"ember754\" class=\"ember-view\">\n<div class=\"form-group \">\n<div class=\"col-sm-8\">\n<div id=\"ember762\" class=\"ember-view\">\n<div class=\"form-group \"><\/div>\n<\/div>\n<\/div>\n<\/div>\n<\/div>\n","protected":false},"excerpt":{"rendered":"<p>Die von Langeweile geplagte Tarja verl\u00e4sst die Heimat, nachdem die K\u00f6nigin der einst kriegerischen Ina-Itas ihre T\u00f6chter zu B\u00e4uerinnen umgeschult hat. Und Mari-Copa, die Kronprinzessin der Amazonen, ist es leid, ihr ganzes Leben mit der Jagd nach immer neuen Sklavinnen zu verbringen. Eine Freundschaft, die auf eine harte Probe gestellt wird, als die riesige Armee der bis dato unbesiegten Amazonen schlie\u00dflich auch vor den Toren der Ina-Itas auftaucht.<\/p>\n<p>Mit &#8222;Tarja und die R\u00fcckkehr der Amazonen&#8220; \u00f6ffnen Wolf Paarmann und Jesper Freitag eine T\u00fcr in die faszinierende Welt der Ameisen. Eine, die sich um eine ungew\u00f6hnliche Freundschaft dreht.<\/p>\n<p>Lesung des ersten Kapitels:<\/p>\n[audio mp3=\"http:\/\/www.drenskemedien.de\/Shop\/wp-content\/uploads\/2021\/06\/4-Lesung-1.-Kapitel-.mp3\"][\/audio]\n","protected":false},"featured_media":75,"comment_status":"open","ping_status":"closed","template":"","meta":[],"product_brand":[],"product_cat":[51],"product_tag":[27,26,28,30,31,29,33,25,32],"class_list":{"0":"post-34","1":"product","2":"type-product","3":"status-publish","4":"has-post-thumbnail","6":"product_cat-ameisen","7":"product_tag-abenteuer","8":"product_tag-amazonen","9":"product_tag-ameisen","10":"product_tag-buch","11":"product_tag-drenskemedien","12":"product_tag-freundschaft","13":"product_tag-jesper-freitag","14":"product_tag-tarja","15":"product_tag-wolf-paarmann","16":"product_shipping_class-buch","18":"first","19":"instock","20":"taxable","21":"shipping-taxable","22":"purchasable","23":"product-type-simple"},"yoast_head":"<!-- This site is optimized with the Yoast SEO plugin v25.3 - https:\/\/yoast.com\/wordpress\/plugins\/seo\/ -->\n<title>Tarja und die R\u00fcckkehr der Amazonen - Drenske Medien<\/title>\n<meta name=\"description\" content=\"Sie z\u00fcchten Pilze, melken L\u00e4use, jagen Raupen...Mit Tarja und die R\u00fcckkehr der Amazonen \u00f6ffnet Wolf Paarmann die T\u00fcr in die faszinierende Welt der Ameisen.\" \/>\n<meta name=\"robots\" content=\"index, follow, max-snippet:-1, max-image-preview:large, max-video-preview:-1\" \/>\n<link rel=\"canonical\" href=\"https:\/\/www.drenskemedien.de\/Shop\/product\/tarja-und-die-rueckkehr-der-amazonen\/\" \/>\n<meta property=\"og:locale\" content=\"de_DE\" \/>\n<meta property=\"og:type\" content=\"article\" \/>\n<meta property=\"og:title\" content=\"Tarja und die R\u00fcckkehr der Amazonen - Drenske Medien\" \/>\n<meta property=\"og:description\" content=\"Sie z\u00fcchten Pilze, melken L\u00e4use, jagen Raupen...Mit Tarja und die R\u00fcckkehr der Amazonen \u00f6ffnet Wolf Paarmann die T\u00fcr in die faszinierende Welt der Ameisen.\" \/>\n<meta property=\"og:url\" content=\"https:\/\/www.drenskemedien.de\/Shop\/product\/tarja-und-die-rueckkehr-der-amazonen\/\" \/>\n<meta property=\"og:site_name\" content=\"Drenske Medien\" \/>\n<meta property=\"article:modified_time\" content=\"2026-05-11T14:21:09+00:00\" \/>\n<meta property=\"og:image\" content=\"https:\/\/i0.wp.com\/www.drenskemedien.de\/Shop\/wp-content\/uploads\/2021\/06\/Cover-1.png?fit=738%2C1048&ssl=1\" \/>\n\t<meta property=\"og:image:width\" content=\"738\" \/>\n\t<meta property=\"og:image:height\" content=\"1048\" \/>\n\t<meta property=\"og:image:type\" content=\"image\/png\" \/>\n<meta name=\"twitter:card\" content=\"summary_large_image\" \/>\n<meta name=\"twitter:label1\" content=\"Gesch\u00e4tzte Lesezeit\" \/>\n\t<meta name=\"twitter:data1\" content=\"2\u00a0Minuten\" \/>\n<script type=\"application\/ld+json\" class=\"yoast-schema-graph\">{\"@context\":\"https:\/\/schema.org\",\"@graph\":[{\"@type\":\"WebPage\",\"@id\":\"https:\/\/www.drenskemedien.de\/Shop\/product\/tarja-und-die-rueckkehr-der-amazonen\/\",\"url\":\"https:\/\/www.drenskemedien.de\/Shop\/product\/tarja-und-die-rueckkehr-der-amazonen\/\",\"name\":\"Tarja und die R\u00fcckkehr der Amazonen - Drenske Medien\",\"isPartOf\":{\"@id\":\"https:\/\/www.drenskemedien.de\/Shop\/#website\"},\"primaryImageOfPage\":{\"@id\":\"https:\/\/www.drenskemedien.de\/Shop\/product\/tarja-und-die-rueckkehr-der-amazonen\/#primaryimage\"},\"image\":{\"@id\":\"https:\/\/www.drenskemedien.de\/Shop\/product\/tarja-und-die-rueckkehr-der-amazonen\/#primaryimage\"},\"thumbnailUrl\":\"https:\/\/i0.wp.com\/www.drenskemedien.de\/Shop\/wp-content\/uploads\/2021\/06\/Cover-1.png?fit=738%2C1048&ssl=1\",\"datePublished\":\"2021-06-02T05:39:34+00:00\",\"dateModified\":\"2026-05-11T14:21:09+00:00\",\"description\":\"Sie z\u00fcchten Pilze, melken L\u00e4use, jagen Raupen...Mit Tarja und die R\u00fcckkehr der Amazonen \u00f6ffnet Wolf Paarmann die T\u00fcr in die faszinierende Welt der Ameisen.\",\"breadcrumb\":{\"@id\":\"https:\/\/www.drenskemedien.de\/Shop\/product\/tarja-und-die-rueckkehr-der-amazonen\/#breadcrumb\"},\"inLanguage\":\"de\",\"potentialAction\":[{\"@type\":\"ReadAction\",\"target\":[\"https:\/\/www.drenskemedien.de\/Shop\/product\/tarja-und-die-rueckkehr-der-amazonen\/\"]}]},{\"@type\":\"ImageObject\",\"inLanguage\":\"de\",\"@id\":\"https:\/\/www.drenskemedien.de\/Shop\/product\/tarja-und-die-rueckkehr-der-amazonen\/#primaryimage\",\"url\":\"https:\/\/i0.wp.com\/www.drenskemedien.de\/Shop\/wp-content\/uploads\/2021\/06\/Cover-1.png?fit=738%2C1048&ssl=1\",\"contentUrl\":\"https:\/\/i0.wp.com\/www.drenskemedien.de\/Shop\/wp-content\/uploads\/2021\/06\/Cover-1.png?fit=738%2C1048&ssl=1\",\"width\":738,\"height\":1048,\"caption\":\"Tarja und die R\u00fcckkehr der Amazonen\"},{\"@type\":\"BreadcrumbList\",\"@id\":\"https:\/\/www.drenskemedien.de\/Shop\/product\/tarja-und-die-rueckkehr-der-amazonen\/#breadcrumb\",\"itemListElement\":[{\"@type\":\"ListItem\",\"position\":1,\"name\":\"Startseite\",\"item\":\"https:\/\/www.drenskemedien.de\/Shop\/\"},{\"@type\":\"ListItem\",\"position\":2,\"name\":\"Tarja und die R\u00fcckkehr der Amazonen\"}]},{\"@type\":\"WebSite\",\"@id\":\"https:\/\/www.drenskemedien.de\/Shop\/#website\",\"url\":\"https:\/\/www.drenskemedien.de\/Shop\/\",\"name\":\"Drenske Medien\",\"description\":\"Willkommen in unserem Shop\",\"publisher\":{\"@id\":\"https:\/\/www.drenskemedien.de\/Shop\/#organization\"},\"potentialAction\":[{\"@type\":\"SearchAction\",\"target\":{\"@type\":\"EntryPoint\",\"urlTemplate\":\"https:\/\/www.drenskemedien.de\/Shop\/?s={search_term_string}\"},\"query-input\":{\"@type\":\"PropertyValueSpecification\",\"valueRequired\":true,\"valueName\":\"search_term_string\"}}],\"inLanguage\":\"de\"},{\"@type\":\"Organization\",\"@id\":\"https:\/\/www.drenskemedien.de\/Shop\/#organization\",\"name\":\"Drenske Medien\",\"url\":\"https:\/\/www.drenskemedien.de\/Shop\/\",\"logo\":{\"@type\":\"ImageObject\",\"inLanguage\":\"de\",\"@id\":\"https:\/\/www.drenskemedien.de\/Shop\/#\/schema\/logo\/image\/\",\"url\":\"https:\/\/i0.wp.com\/www.drenskemedien.de\/Shop\/wp-content\/uploads\/2021\/06\/Final-Logo-02.png?fit=8001%2C4500&ssl=1\",\"contentUrl\":\"https:\/\/i0.wp.com\/www.drenskemedien.de\/Shop\/wp-content\/uploads\/2021\/06\/Final-Logo-02.png?fit=8001%2C4500&ssl=1\",\"width\":8001,\"height\":4500,\"caption\":\"Drenske Medien\"},\"image\":{\"@id\":\"https:\/\/www.drenskemedien.de\/Shop\/#\/schema\/logo\/image\/\"}}]}<\/script>\n<!-- \/ Yoast SEO plugin. -->","yoast_head_json":{"title":"Tarja und die R\u00fcckkehr der Amazonen - Drenske Medien","description":"Sie z\u00fcchten Pilze, melken L\u00e4use, jagen Raupen...Mit Tarja und die R\u00fcckkehr der Amazonen \u00f6ffnet Wolf Paarmann die T\u00fcr in die faszinierende Welt der Ameisen.","robots":{"index":"index","follow":"follow","max-snippet":"max-snippet:-1","max-image-preview":"max-image-preview:large","max-video-preview":"max-video-preview:-1"},"canonical":"https:\/\/www.drenskemedien.de\/Shop\/product\/tarja-und-die-rueckkehr-der-amazonen\/","og_locale":"de_DE","og_type":"article","og_title":"Tarja und die R\u00fcckkehr der Amazonen - Drenske Medien","og_description":"Sie z\u00fcchten Pilze, melken L\u00e4use, jagen Raupen...Mit Tarja und die R\u00fcckkehr der Amazonen \u00f6ffnet Wolf Paarmann die T\u00fcr in die faszinierende Welt der Ameisen.","og_url":"https:\/\/www.drenskemedien.de\/Shop\/product\/tarja-und-die-rueckkehr-der-amazonen\/","og_site_name":"Drenske Medien","article_modified_time":"2026-05-11T14:21:09+00:00","og_image":[{"width":738,"height":1048,"url":"https:\/\/i0.wp.com\/www.drenskemedien.de\/Shop\/wp-content\/uploads\/2021\/06\/Cover-1.png?fit=738%2C1048&ssl=1","type":"image\/png"}],"twitter_card":"summary_large_image","twitter_misc":{"Gesch\u00e4tzte Lesezeit":"2\u00a0Minuten"},"schema":{"@context":"https:\/\/schema.org","@graph":[{"@type":"WebPage","@id":"https:\/\/www.drenskemedien.de\/Shop\/product\/tarja-und-die-rueckkehr-der-amazonen\/","url":"https:\/\/www.drenskemedien.de\/Shop\/product\/tarja-und-die-rueckkehr-der-amazonen\/","name":"Tarja und die R\u00fcckkehr der Amazonen - Drenske Medien","isPartOf":{"@id":"https:\/\/www.drenskemedien.de\/Shop\/#website"},"primaryImageOfPage":{"@id":"https:\/\/www.drenskemedien.de\/Shop\/product\/tarja-und-die-rueckkehr-der-amazonen\/#primaryimage"},"image":{"@id":"https:\/\/www.drenskemedien.de\/Shop\/product\/tarja-und-die-rueckkehr-der-amazonen\/#primaryimage"},"thumbnailUrl":"https:\/\/i0.wp.com\/www.drenskemedien.de\/Shop\/wp-content\/uploads\/2021\/06\/Cover-1.png?fit=738%2C1048&ssl=1","datePublished":"2021-06-02T05:39:34+00:00","dateModified":"2026-05-11T14:21:09+00:00","description":"Sie z\u00fcchten Pilze, melken L\u00e4use, jagen Raupen...Mit Tarja und die R\u00fcckkehr der Amazonen \u00f6ffnet Wolf Paarmann die T\u00fcr in die faszinierende Welt der Ameisen.","breadcrumb":{"@id":"https:\/\/www.drenskemedien.de\/Shop\/product\/tarja-und-die-rueckkehr-der-amazonen\/#breadcrumb"},"inLanguage":"de","potentialAction":[{"@type":"ReadAction","target":["https:\/\/www.drenskemedien.de\/Shop\/product\/tarja-und-die-rueckkehr-der-amazonen\/"]}]},{"@type":"ImageObject","inLanguage":"de","@id":"https:\/\/www.drenskemedien.de\/Shop\/product\/tarja-und-die-rueckkehr-der-amazonen\/#primaryimage","url":"https:\/\/i0.wp.com\/www.drenskemedien.de\/Shop\/wp-content\/uploads\/2021\/06\/Cover-1.png?fit=738%2C1048&ssl=1","contentUrl":"https:\/\/i0.wp.com\/www.drenskemedien.de\/Shop\/wp-content\/uploads\/2021\/06\/Cover-1.png?fit=738%2C1048&ssl=1","width":738,"height":1048,"caption":"Tarja und die R\u00fcckkehr der Amazonen"},{"@type":"BreadcrumbList","@id":"https:\/\/www.drenskemedien.de\/Shop\/product\/tarja-und-die-rueckkehr-der-amazonen\/#breadcrumb","itemListElement":[{"@type":"ListItem","position":1,"name":"Startseite","item":"https:\/\/www.drenskemedien.de\/Shop\/"},{"@type":"ListItem","position":2,"name":"Tarja und die R\u00fcckkehr der Amazonen"}]},{"@type":"WebSite","@id":"https:\/\/www.drenskemedien.de\/Shop\/#website","url":"https:\/\/www.drenskemedien.de\/Shop\/","name":"Drenske Medien","description":"Willkommen in unserem Shop","publisher":{"@id":"https:\/\/www.drenskemedien.de\/Shop\/#organization"},"potentialAction":[{"@type":"SearchAction","target":{"@type":"EntryPoint","urlTemplate":"https:\/\/www.drenskemedien.de\/Shop\/?s={search_term_string}"},"query-input":{"@type":"PropertyValueSpecification","valueRequired":true,"valueName":"search_term_string"}}],"inLanguage":"de"},{"@type":"Organization","@id":"https:\/\/www.drenskemedien.de\/Shop\/#organization","name":"Drenske Medien","url":"https:\/\/www.drenskemedien.de\/Shop\/","logo":{"@type":"ImageObject","inLanguage":"de","@id":"https:\/\/www.drenskemedien.de\/Shop\/#\/schema\/logo\/image\/","url":"https:\/\/i0.wp.com\/www.drenskemedien.de\/Shop\/wp-content\/uploads\/2021\/06\/Final-Logo-02.png?fit=8001%2C4500&ssl=1","contentUrl":"https:\/\/i0.wp.com\/www.drenskemedien.de\/Shop\/wp-content\/uploads\/2021\/06\/Final-Logo-02.png?fit=8001%2C4500&ssl=1","width":8001,"height":4500,"caption":"Drenske Medien"},"image":{"@id":"https:\/\/www.drenskemedien.de\/Shop\/#\/schema\/logo\/image\/"}}]}},"jetpack-related-posts":[],"jetpack_sharing_enabled":true,"_links":{"self":[{"href":"https:\/\/www.drenskemedien.de\/Shop\/wp-json\/wp\/v2\/product\/34","targetHints":{"allow":["GET"]}}],"collection":[{"href":"https:\/\/www.drenskemedien.de\/Shop\/wp-json\/wp\/v2\/product"}],"about":[{"href":"https:\/\/www.drenskemedien.de\/Shop\/wp-json\/wp\/v2\/types\/product"}],"replies":[{"embeddable":true,"href":"https:\/\/www.drenskemedien.de\/Shop\/wp-json\/wp\/v2\/comments?post=34"}],"wp:featuredmedia":[{"embeddable":true,"href":"https:\/\/www.drenskemedien.de\/Shop\/wp-json\/wp\/v2\/media\/75"}],"wp:attachment":[{"href":"https:\/\/www.drenskemedien.de\/Shop\/wp-json\/wp\/v2\/media?parent=34"}],"wp:term":[{"taxonomy":"product_brand","embeddable":true,"href":"https:\/\/www.drenskemedien.de\/Shop\/wp-json\/wp\/v2\/product_brand?post=34"},{"taxonomy":"product_cat","embeddable":true,"href":"https:\/\/www.drenskemedien.de\/Shop\/wp-json\/wp\/v2\/product_cat?post=34"},{"taxonomy":"product_tag","embeddable":true,"href":"https:\/\/www.drenskemedien.de\/Shop\/wp-json\/wp\/v2\/product_tag?post=34"}],"curies":[{"name":"wp","href":"https:\/\/api.w.org\/{rel}","templated":true}]}}