{"id":192,"date":"2025-06-12T09:36:57","date_gmt":"2025-06-12T09:36:57","guid":{"rendered":"https:\/\/www.drenskemedien.de\/Shop\/?post_type=product&#038;p=192"},"modified":"2025-06-16T06:20:40","modified_gmt":"2025-06-16T06:20:40","slug":"entdecke-die-einzigartige-welt-der-ameisen-zauberhafte-geschichten-zum-staunen-und-schmunzeln","status":"publish","type":"product","link":"https:\/\/www.drenskemedien.de\/Shop\/product\/entdecke-die-einzigartige-welt-der-ameisen-zauberhafte-geschichten-zum-staunen-und-schmunzeln\/","title":{"rendered":"Entdecke die einzigartige Welt der Ameisen"},"content":{"rendered":"<p>Wussten Sie, dass Ameisen sich \u201emelken\u201c, \u201ekriegen\u201c und \u201erecyceln\u201c? Dieses unterhaltsame Sachbuch l\u00e4dt Sie ein auf eine Reise in die geheime Welt der Insekten, die erstaunlicher kaum sein k\u00f6nnte. Mit einem Augenzwinkern erz\u00e4hlt, verbindet dieses Buch wissenschaftliche Fakten \u00fcber Ameisen mit kuriosen Anekdoten aus dem Tierreich. Es ist ideal f\u00fcr alle, die Natur lieben, gerne schmunzeln und dabei etwas lernen m\u00f6chten \u2013 egal ob im Garten, auf dem Balkon oder beim n\u00e4chsten Waldspaziergang. Perfekt f\u00fcr: Natur- und Tierfreunde Neugierige Erwachsene und Jugendliche Leser*innen von unterhaltsamer Wissenschaftsliteratur Fans von spannenden Tiergeschichten und kuriosen Fakten Ein charmantes Sachbuch mit Humor, das zeigt: Die kleinen Dinge im Leben \u2013 wie eine Ameise \u2013 k\u00f6nnen richtig gro\u00df sein.<\/p>\n","protected":false},"excerpt":{"rendered":"<p>Wussten Sie, dass Ameisen sich \u201emelken\u201c, \u201ekriegen\u201c und \u201erecyceln\u201c? Dieses unterhaltsame Sachbuch l\u00e4dt Sie ein auf eine Reise in die geheime Welt der Insekten, die erstaunlicher kaum sein k\u00f6nnte. Mit einem Augenzwinkern erz\u00e4hlt, verbindet dieses Buch wissenschaftliche Fakten \u00fcber Ameisen mit kuriosen Anekdoten aus dem Tierreich. Es ist ideal f\u00fcr alle, die Natur lieben, gerne &hellip; <\/p>\n","protected":false},"featured_media":193,"comment_status":"open","ping_status":"closed","template":"","meta":[],"product_brand":[],"product_cat":[51,18],"product_tag":[],"class_list":{"0":"post-192","1":"product","2":"type-product","3":"status-publish","4":"has-post-thumbnail","6":"product_cat-ameisen","7":"product_cat-neuheiten","8":"product_shipping_class-buch","10":"first","11":"instock","12":"taxable","13":"shipping-taxable","14":"purchasable","15":"product-type-simple"},"yoast_head":"<!-- This site is optimized with the Yoast SEO plugin v25.3 - https:\/\/yoast.com\/wordpress\/plugins\/seo\/ -->\n<title>Entdecke die einzigartige Welt der Ameisen - Drenske Medien<\/title>\n<meta name=\"robots\" content=\"index, follow, max-snippet:-1, max-image-preview:large, max-video-preview:-1\" \/>\n<link rel=\"canonical\" href=\"https:\/\/www.drenskemedien.de\/Shop\/product\/entdecke-die-einzigartige-welt-der-ameisen-zauberhafte-geschichten-zum-staunen-und-schmunzeln\/\" \/>\n<meta property=\"og:locale\" content=\"de_DE\" \/>\n<meta property=\"og:type\" content=\"article\" \/>\n<meta property=\"og:title\" content=\"Entdecke die einzigartige Welt der Ameisen - Drenske Medien\" \/>\n<meta property=\"og:description\" content=\"Wussten Sie, dass Ameisen sich \u201emelken\u201c, \u201ekriegen\u201c und \u201erecyceln\u201c? Dieses unterhaltsame Sachbuch l\u00e4dt Sie ein auf eine Reise in die geheime Welt der Insekten, die erstaunlicher kaum sein k\u00f6nnte. Mit einem Augenzwinkern erz\u00e4hlt, verbindet dieses Buch wissenschaftliche Fakten \u00fcber Ameisen mit kuriosen Anekdoten aus dem Tierreich. Es ist ideal f\u00fcr alle, die Natur lieben, gerne &hellip;\" \/>\n<meta property=\"og:url\" content=\"https:\/\/www.drenskemedien.de\/Shop\/product\/entdecke-die-einzigartige-welt-der-ameisen-zauberhafte-geschichten-zum-staunen-und-schmunzeln\/\" \/>\n<meta property=\"og:site_name\" content=\"Drenske Medien\" \/>\n<meta property=\"article:modified_time\" content=\"2025-06-16T06:20:40+00:00\" \/>\n<meta property=\"og:image\" content=\"https:\/\/i0.wp.com\/www.drenskemedien.de\/Shop\/wp-content\/uploads\/2025\/06\/1_Cover_Amazon_1.png?fit=518%2C834&ssl=1\" \/>\n\t<meta property=\"og:image:width\" content=\"518\" \/>\n\t<meta property=\"og:image:height\" content=\"834\" \/>\n\t<meta property=\"og:image:type\" content=\"image\/png\" \/>\n<meta name=\"twitter:card\" content=\"summary_large_image\" \/>\n<meta name=\"twitter:label1\" content=\"Gesch\u00e4tzte Lesezeit\" \/>\n\t<meta name=\"twitter:data1\" content=\"1\u00a0Minute\" \/>\n<script type=\"application\/ld+json\" class=\"yoast-schema-graph\">{\"@context\":\"https:\/\/schema.org\",\"@graph\":[{\"@type\":\"WebPage\",\"@id\":\"https:\/\/www.drenskemedien.de\/Shop\/product\/entdecke-die-einzigartige-welt-der-ameisen-zauberhafte-geschichten-zum-staunen-und-schmunzeln\/\",\"url\":\"https:\/\/www.drenskemedien.de\/Shop\/product\/entdecke-die-einzigartige-welt-der-ameisen-zauberhafte-geschichten-zum-staunen-und-schmunzeln\/\",\"name\":\"Entdecke die einzigartige Welt der Ameisen - Drenske Medien\",\"isPartOf\":{\"@id\":\"https:\/\/www.drenskemedien.de\/Shop\/#website\"},\"primaryImageOfPage\":{\"@id\":\"https:\/\/www.drenskemedien.de\/Shop\/product\/entdecke-die-einzigartige-welt-der-ameisen-zauberhafte-geschichten-zum-staunen-und-schmunzeln\/#primaryimage\"},\"image\":{\"@id\":\"https:\/\/www.drenskemedien.de\/Shop\/product\/entdecke-die-einzigartige-welt-der-ameisen-zauberhafte-geschichten-zum-staunen-und-schmunzeln\/#primaryimage\"},\"thumbnailUrl\":\"https:\/\/i0.wp.com\/www.drenskemedien.de\/Shop\/wp-content\/uploads\/2025\/06\/1_Cover_Amazon_1.png?fit=518%2C834&ssl=1\",\"datePublished\":\"2025-06-12T09:36:57+00:00\",\"dateModified\":\"2025-06-16T06:20:40+00:00\",\"breadcrumb\":{\"@id\":\"https:\/\/www.drenskemedien.de\/Shop\/product\/entdecke-die-einzigartige-welt-der-ameisen-zauberhafte-geschichten-zum-staunen-und-schmunzeln\/#breadcrumb\"},\"inLanguage\":\"de\",\"potentialAction\":[{\"@type\":\"ReadAction\",\"target\":[\"https:\/\/www.drenskemedien.de\/Shop\/product\/entdecke-die-einzigartige-welt-der-ameisen-zauberhafte-geschichten-zum-staunen-und-schmunzeln\/\"]}]},{\"@type\":\"ImageObject\",\"inLanguage\":\"de\",\"@id\":\"https:\/\/www.drenskemedien.de\/Shop\/product\/entdecke-die-einzigartige-welt-der-ameisen-zauberhafte-geschichten-zum-staunen-und-schmunzeln\/#primaryimage\",\"url\":\"https:\/\/i0.wp.com\/www.drenskemedien.de\/Shop\/wp-content\/uploads\/2025\/06\/1_Cover_Amazon_1.png?fit=518%2C834&ssl=1\",\"contentUrl\":\"https:\/\/i0.wp.com\/www.drenskemedien.de\/Shop\/wp-content\/uploads\/2025\/06\/1_Cover_Amazon_1.png?fit=518%2C834&ssl=1\",\"width\":518,\"height\":834},{\"@type\":\"BreadcrumbList\",\"@id\":\"https:\/\/www.drenskemedien.de\/Shop\/product\/entdecke-die-einzigartige-welt-der-ameisen-zauberhafte-geschichten-zum-staunen-und-schmunzeln\/#breadcrumb\",\"itemListElement\":[{\"@type\":\"ListItem\",\"position\":1,\"name\":\"Startseite\",\"item\":\"https:\/\/www.drenskemedien.de\/Shop\/\"},{\"@type\":\"ListItem\",\"position\":2,\"name\":\"Entdecke die einzigartige Welt der Ameisen\"}]},{\"@type\":\"WebSite\",\"@id\":\"https:\/\/www.drenskemedien.de\/Shop\/#website\",\"url\":\"https:\/\/www.drenskemedien.de\/Shop\/\",\"name\":\"Drenske Medien\",\"description\":\"Willkommen in unserem Shop\",\"publisher\":{\"@id\":\"https:\/\/www.drenskemedien.de\/Shop\/#organization\"},\"potentialAction\":[{\"@type\":\"SearchAction\",\"target\":{\"@type\":\"EntryPoint\",\"urlTemplate\":\"https:\/\/www.drenskemedien.de\/Shop\/?s={search_term_string}\"},\"query-input\":{\"@type\":\"PropertyValueSpecification\",\"valueRequired\":true,\"valueName\":\"search_term_string\"}}],\"inLanguage\":\"de\"},{\"@type\":\"Organization\",\"@id\":\"https:\/\/www.drenskemedien.de\/Shop\/#organization\",\"name\":\"Drenske Medien\",\"url\":\"https:\/\/www.drenskemedien.de\/Shop\/\",\"logo\":{\"@type\":\"ImageObject\",\"inLanguage\":\"de\",\"@id\":\"https:\/\/www.drenskemedien.de\/Shop\/#\/schema\/logo\/image\/\",\"url\":\"https:\/\/i0.wp.com\/www.drenskemedien.de\/Shop\/wp-content\/uploads\/2021\/06\/Final-Logo-02.png?fit=8001%2C4500&ssl=1\",\"contentUrl\":\"https:\/\/i0.wp.com\/www.drenskemedien.de\/Shop\/wp-content\/uploads\/2021\/06\/Final-Logo-02.png?fit=8001%2C4500&ssl=1\",\"width\":8001,\"height\":4500,\"caption\":\"Drenske Medien\"},\"image\":{\"@id\":\"https:\/\/www.drenskemedien.de\/Shop\/#\/schema\/logo\/image\/\"}}]}<\/script>\n<!-- \/ Yoast SEO plugin. -->","yoast_head_json":{"title":"Entdecke die einzigartige Welt der Ameisen - Drenske Medien","robots":{"index":"index","follow":"follow","max-snippet":"max-snippet:-1","max-image-preview":"max-image-preview:large","max-video-preview":"max-video-preview:-1"},"canonical":"https:\/\/www.drenskemedien.de\/Shop\/product\/entdecke-die-einzigartige-welt-der-ameisen-zauberhafte-geschichten-zum-staunen-und-schmunzeln\/","og_locale":"de_DE","og_type":"article","og_title":"Entdecke die einzigartige Welt der Ameisen - Drenske Medien","og_description":"Wussten Sie, dass Ameisen sich \u201emelken\u201c, \u201ekriegen\u201c und \u201erecyceln\u201c? Dieses unterhaltsame Sachbuch l\u00e4dt Sie ein auf eine Reise in die geheime Welt der Insekten, die erstaunlicher kaum sein k\u00f6nnte. Mit einem Augenzwinkern erz\u00e4hlt, verbindet dieses Buch wissenschaftliche Fakten \u00fcber Ameisen mit kuriosen Anekdoten aus dem Tierreich. Es ist ideal f\u00fcr alle, die Natur lieben, gerne &hellip;","og_url":"https:\/\/www.drenskemedien.de\/Shop\/product\/entdecke-die-einzigartige-welt-der-ameisen-zauberhafte-geschichten-zum-staunen-und-schmunzeln\/","og_site_name":"Drenske Medien","article_modified_time":"2025-06-16T06:20:40+00:00","og_image":[{"width":518,"height":834,"url":"https:\/\/i0.wp.com\/www.drenskemedien.de\/Shop\/wp-content\/uploads\/2025\/06\/1_Cover_Amazon_1.png?fit=518%2C834&ssl=1","type":"image\/png"}],"twitter_card":"summary_large_image","twitter_misc":{"Gesch\u00e4tzte Lesezeit":"1\u00a0Minute"},"schema":{"@context":"https:\/\/schema.org","@graph":[{"@type":"WebPage","@id":"https:\/\/www.drenskemedien.de\/Shop\/product\/entdecke-die-einzigartige-welt-der-ameisen-zauberhafte-geschichten-zum-staunen-und-schmunzeln\/","url":"https:\/\/www.drenskemedien.de\/Shop\/product\/entdecke-die-einzigartige-welt-der-ameisen-zauberhafte-geschichten-zum-staunen-und-schmunzeln\/","name":"Entdecke die einzigartige Welt der Ameisen - Drenske Medien","isPartOf":{"@id":"https:\/\/www.drenskemedien.de\/Shop\/#website"},"primaryImageOfPage":{"@id":"https:\/\/www.drenskemedien.de\/Shop\/product\/entdecke-die-einzigartige-welt-der-ameisen-zauberhafte-geschichten-zum-staunen-und-schmunzeln\/#primaryimage"},"image":{"@id":"https:\/\/www.drenskemedien.de\/Shop\/product\/entdecke-die-einzigartige-welt-der-ameisen-zauberhafte-geschichten-zum-staunen-und-schmunzeln\/#primaryimage"},"thumbnailUrl":"https:\/\/i0.wp.com\/www.drenskemedien.de\/Shop\/wp-content\/uploads\/2025\/06\/1_Cover_Amazon_1.png?fit=518%2C834&ssl=1","datePublished":"2025-06-12T09:36:57+00:00","dateModified":"2025-06-16T06:20:40+00:00","breadcrumb":{"@id":"https:\/\/www.drenskemedien.de\/Shop\/product\/entdecke-die-einzigartige-welt-der-ameisen-zauberhafte-geschichten-zum-staunen-und-schmunzeln\/#breadcrumb"},"inLanguage":"de","potentialAction":[{"@type":"ReadAction","target":["https:\/\/www.drenskemedien.de\/Shop\/product\/entdecke-die-einzigartige-welt-der-ameisen-zauberhafte-geschichten-zum-staunen-und-schmunzeln\/"]}]},{"@type":"ImageObject","inLanguage":"de","@id":"https:\/\/www.drenskemedien.de\/Shop\/product\/entdecke-die-einzigartige-welt-der-ameisen-zauberhafte-geschichten-zum-staunen-und-schmunzeln\/#primaryimage","url":"https:\/\/i0.wp.com\/www.drenskemedien.de\/Shop\/wp-content\/uploads\/2025\/06\/1_Cover_Amazon_1.png?fit=518%2C834&ssl=1","contentUrl":"https:\/\/i0.wp.com\/www.drenskemedien.de\/Shop\/wp-content\/uploads\/2025\/06\/1_Cover_Amazon_1.png?fit=518%2C834&ssl=1","width":518,"height":834},{"@type":"BreadcrumbList","@id":"https:\/\/www.drenskemedien.de\/Shop\/product\/entdecke-die-einzigartige-welt-der-ameisen-zauberhafte-geschichten-zum-staunen-und-schmunzeln\/#breadcrumb","itemListElement":[{"@type":"ListItem","position":1,"name":"Startseite","item":"https:\/\/www.drenskemedien.de\/Shop\/"},{"@type":"ListItem","position":2,"name":"Entdecke die einzigartige Welt der Ameisen"}]},{"@type":"WebSite","@id":"https:\/\/www.drenskemedien.de\/Shop\/#website","url":"https:\/\/www.drenskemedien.de\/Shop\/","name":"Drenske Medien","description":"Willkommen in unserem Shop","publisher":{"@id":"https:\/\/www.drenskemedien.de\/Shop\/#organization"},"potentialAction":[{"@type":"SearchAction","target":{"@type":"EntryPoint","urlTemplate":"https:\/\/www.drenskemedien.de\/Shop\/?s={search_term_string}"},"query-input":{"@type":"PropertyValueSpecification","valueRequired":true,"valueName":"search_term_string"}}],"inLanguage":"de"},{"@type":"Organization","@id":"https:\/\/www.drenskemedien.de\/Shop\/#organization","name":"Drenske Medien","url":"https:\/\/www.drenskemedien.de\/Shop\/","logo":{"@type":"ImageObject","inLanguage":"de","@id":"https:\/\/www.drenskemedien.de\/Shop\/#\/schema\/logo\/image\/","url":"https:\/\/i0.wp.com\/www.drenskemedien.de\/Shop\/wp-content\/uploads\/2021\/06\/Final-Logo-02.png?fit=8001%2C4500&ssl=1","contentUrl":"https:\/\/i0.wp.com\/www.drenskemedien.de\/Shop\/wp-content\/uploads\/2021\/06\/Final-Logo-02.png?fit=8001%2C4500&ssl=1","width":8001,"height":4500,"caption":"Drenske Medien"},"image":{"@id":"https:\/\/www.drenskemedien.de\/Shop\/#\/schema\/logo\/image\/"}}]}},"jetpack-related-posts":[],"jetpack_sharing_enabled":true,"_links":{"self":[{"href":"https:\/\/www.drenskemedien.de\/Shop\/wp-json\/wp\/v2\/product\/192","targetHints":{"allow":["GET"]}}],"collection":[{"href":"https:\/\/www.drenskemedien.de\/Shop\/wp-json\/wp\/v2\/product"}],"about":[{"href":"https:\/\/www.drenskemedien.de\/Shop\/wp-json\/wp\/v2\/types\/product"}],"replies":[{"embeddable":true,"href":"https:\/\/www.drenskemedien.de\/Shop\/wp-json\/wp\/v2\/comments?post=192"}],"wp:featuredmedia":[{"embeddable":true,"href":"https:\/\/www.drenskemedien.de\/Shop\/wp-json\/wp\/v2\/media\/193"}],"wp:attachment":[{"href":"https:\/\/www.drenskemedien.de\/Shop\/wp-json\/wp\/v2\/media?parent=192"}],"wp:term":[{"taxonomy":"product_brand","embeddable":true,"href":"https:\/\/www.drenskemedien.de\/Shop\/wp-json\/wp\/v2\/product_brand?post=192"},{"taxonomy":"product_cat","embeddable":true,"href":"https:\/\/www.drenskemedien.de\/Shop\/wp-json\/wp\/v2\/product_cat?post=192"},{"taxonomy":"product_tag","embeddable":true,"href":"https:\/\/www.drenskemedien.de\/Shop\/wp-json\/wp\/v2\/product_tag?post=192"}],"curies":[{"name":"wp","href":"https:\/\/api.w.org\/{rel}","templated":true}]}}